{"id":115,"date":"2024-06-20T11:47:19","date_gmt":"2024-06-20T11:47:19","guid":{"rendered":"https:\/\/urlaubsbetreuung-hund.de\/?page_id=115"},"modified":"2024-09-22T06:29:58","modified_gmt":"2024-09-22T06:29:58","slug":"standort","status":"publish","type":"page","link":"https:\/\/urlaubsbetreuung-hund.de\/en\/standort\/","title":{"rendered":"Location"},"content":{"rendered":"<div id=\"wpgmza_map\" class=\"wpgmza_map\" data-settings='{\"id\":\"1\",\"map_title\":\"Meine erste Karte\",\"map_width\":\"100\",\"map_height\":\"400\",\"map_start_lat\":\"52.41846478136023\",\"map_start_lng\":\"12.71732107861966\",\"map_start_location\":\"45.950464398418106,-109.81550500000003\",\"map_start_zoom\":\"14\",\"default_marker\":\"\",\"type\":\"0\",\"alignment\":\"4\",\"directions_enabled\":\"0\",\"styling_enabled\":\"0\",\"styling_json\":\"\",\"active\":\"0\",\"kml\":\"\",\"bicycle\":\"0\",\"traffic\":\"0\",\"dbox\":\"0\",\"dbox_width\":\"\",\"listmarkers\":\"0\",\"listmarkers_advanced\":\"0\",\"filterbycat\":\"0\",\"ugm_enabled\":\"0\",\"ugm_category_enabled\":\"0\",\"fusion\":\"\",\"map_width_type\":\"%\",\"map_height_type\":\"px\",\"mass_marker_support\":\"0\",\"ugm_access\":\"0\",\"order_markers_by\":\"0\",\"order_markers_choice\":\"0\",\"show_user_location\":\"0\",\"default_to\":\"\",\"other_settings\":{\"map_type\":1,\"sl_stroke_color\":\"\",\"sl_fill_color\":\"\",\"sl_stroke_opacity\":\"\",\"sl_fill_opacity\":\"\",\"transport_layer\":false,\"action\":\"wpgmza_save_map\",\"redirect_to\":\"\\\/wp-admin\\\/admin-post.php\",\"map_id\":\"1\",\"http_referer\":\"\\\/wp-admin\\\/admin.php?page=wp-google-maps-menu&amp;amp;action=edit&amp;amp;map_id=1\",\"wpgmza_id\":\"1\",\"wpgmza_start_location\":\"52.41846478136023,12.71732107861966\",\"wpgmza_start_zoom\":\"4\",\"store_locator_enabled\":false,\"store_locator_search_area\":\"radial\",\"wpgmza_store_locator_radius_style\":\"legacy\",\"wpgmza_store_locator_default_radius\":\"10\",\"store_locator_auto_area_max_zoom\":\"\",\"store_locator_distance\":false,\"wpgmza_store_locator_position\":false,\"store_locator_show_distance\":false,\"store_locator_category\":false,\"wpgmza_store_locator_use_their_location\":false,\"wpgmza_store_locator_bounce\":false,\"wpgmza_sl_animation\":null,\"wpgmza_store_locator_hide_before_search\":false,\"store_locator_query_string\":\"\",\"store_locator_location_placeholder\":\"\",\"store_locator_default_address\":\"\",\"store_locator_name_search\":false,\"store_locator_name_string\":\"\",\"store_locator_not_found_message\":\"\",\"wpgmza_map_align\":\"1\",\"jump_to_nearest_marker_on_initialization\":false,\"automatically_pan_to_users_location\":false,\"override_users_location_zoom_level\":false,\"override_users_location_zoom_levels\":\"\",\"show_distance_from_location\":false,\"map_max_zoom\":\"21\",\"map_min_zoom\":\"0\",\"click_open_link\":false,\"fit_maps_bounds_to_markers\":false,\"fit_maps_bounds_to_markers_after_filtering\":false,\"hide_point_of_interest\":false,\"wpgmza_zoom_on_marker_click\":false,\"wpgmza_zoom_on_marker_click_slider\":\"\",\"close_infowindow_on_map_click\":false,\"disable_lightbox_images\":false,\"use_Raw_Jpeg_Coordinates\":false,\"disable_polygon_info_windows\":false,\"enable_marker_ratings\":false,\"enable_marker_labels\":false,\"only_load_markers_within_viewport\":false,\"zoom_level_mobile_override_enabled\":false,\"zoom_level_mobile_override\":\"\",\"iw_primary_color\":\"#000000\",\"iw_accent_color\":\"#000000\",\"iw_text_color\":\"#000000\",\"wpgmza_listmarkers_by\":\"0\",\"wpgmza_marker_listing_position\":false,\"zoom_level_on_marker_listing_override\":false,\"zoom_level_on_marker_listing_click\":\"\",\"marker_listing_disable_zoom\":false,\"datatable_no_result_message\":\"\",\"remove_search_box_datables\":false,\"dataTable_pagination_style\":null,\"datatable_search_string\":\"\",\"datatable_result_start\":\"\",\"datatable_result_of\":\"\",\"datatable_result_to\":\"\",\"datatable_result_total\":\"\",\"datatable_result_show\":\"\",\"datatable_result_entries\":\"\",\"wpgmza_savemap\":\"Karte speichern \\u00bb\"}}' data-map-id='1' data-maps-engine='open-layers' data-shortcode-attributes='{\"id\":\"1\"}' style=\"display:block; overflow:auto; width:100%; height:400px; float:left;\"><\/div>\n\n\n\n<figure class=\"wp-block-image size-large\"><img data-dominant-color=\"b7b8b2\" data-has-transparency=\"false\" style=\"--dominant-color: #b7b8b2;\" decoding=\"async\" width=\"694\" height=\"1024\" src=\"https:\/\/urlaubsbetreuung-hund.de\/wp-content\/uploads\/2024\/09\/Re1-694x1024.webp\" alt=\"\" class=\"wp-image-492 not-transparent\" srcset=\"https:\/\/urlaubsbetreuung-hund.de\/wp-content\/uploads\/2024\/09\/Re1-694x1024.webp 694w, https:\/\/urlaubsbetreuung-hund.de\/wp-content\/uploads\/2024\/09\/Re1-203x300.webp 203w, https:\/\/urlaubsbetreuung-hund.de\/wp-content\/uploads\/2024\/09\/Re1-8x12.webp 8w, https:\/\/urlaubsbetreuung-hund.de\/wp-content\/uploads\/2024\/09\/Re1-jpg.webp 750w\" sizes=\"(max-width: 694px) 100vw, 694px\" \/><\/figure>\n\n\n\n<p>The address is<strong> G\u00f6tzer Dorfstr. 59, 14550 G\u00f6tz.<\/strong>We are reachable with the RE1 train from Berlin about 50 minutes, from Potsdam about 20 minutes. The station name is G\u00f6tz Bahnhof, from there it is a 13 minute walk. <strong>G\u00f6tz Bahnhof<\/strong>, from there it takes about 13 minutes by foot. <\/p>\n\n\n\n<p>It is possible to bring and pick up your dog any day time before 7pm with prior appointment.<\/p>","protected":false},"excerpt":{"rendered":"<p>Die Adresse ist G\u00f6tzer Dorfstr. 59, 14550 G\u00f6tz. Wir sind ca. eine Stunde mit dem RE1-Zug von Berlin und ca. 20 Minuten von Potsdam entfernt. Die Haltestelle ist G\u00f6tz Bahnhof, von dort dauert es ca. 13 Minuten zu Fu\u00df. Herbringen und Abholen mit t\u00e4glich Terminvereinbarung.<\/p>","protected":false},"author":1,"featured_media":0,"parent":0,"menu_order":0,"comment_status":"closed","ping_status":"closed","template":"","meta":{"footnotes":""},"class_list":["post-115","page","type-page","status-publish","hentry"],"yoast_head":"<!-- This site is optimized with the Yoast SEO plugin v27.4 - https:\/\/yoast.com\/product\/yoast-seo-wordpress\/ -->\n<title>Standort - Urlaubsbetreuung-Hund.de<\/title>\n<meta name=\"description\" content=\"Erfahrene Hundebetreuung in Potsdam-Mittelmark mit gro\u00dfem Auslaufgarten. Ihr Hund verdient Urlaub, w\u00e4hrend Sie im Urlaub sind.\" \/>\n<meta name=\"robots\" content=\"index, follow, max-snippet:-1, max-image-preview:large, max-video-preview:-1\" \/>\n<link rel=\"canonical\" href=\"https:\/\/urlaubsbetreuung-hund.de\/en\/standort\/\" \/>\n<meta property=\"og:locale\" content=\"en_US\" \/>\n<meta property=\"og:type\" content=\"article\" \/>\n<meta property=\"og:title\" content=\"Standort - Urlaubsbetreuung-Hund.de\" \/>\n<meta property=\"og:description\" content=\"Erfahrene Hundebetreuung in Potsdam-Mittelmark mit gro\u00dfem Auslaufgarten. Ihr Hund verdient Urlaub, w\u00e4hrend Sie im Urlaub sind.\" \/>\n<meta property=\"og:url\" content=\"https:\/\/urlaubsbetreuung-hund.de\/en\/standort\/\" \/>\n<meta property=\"og:site_name\" content=\"Urlaubsbetreuung-Hund.de\" \/>\n<meta property=\"article:publisher\" content=\"https:\/\/www.facebook.com\/people\/Urlaubsbetreuung-Hundde\/61561342079161\/\" \/>\n<meta property=\"article:modified_time\" content=\"2024-09-22T06:29:58+00:00\" \/>\n<meta property=\"og:image\" content=\"https:\/\/urlaubsbetreuung-hund.de\/wp-content\/uploads\/2024\/09\/Re1-694x1024.webp\" \/>\n<meta name=\"twitter:card\" content=\"summary_large_image\" \/>\n<meta name=\"twitter:label1\" content=\"Est. reading time\" \/>\n\t<meta name=\"twitter:data1\" content=\"1 minute\" \/>\n<script type=\"application\/ld+json\" class=\"yoast-schema-graph\">{\"@context\":\"https:\\\/\\\/schema.org\",\"@graph\":[{\"@type\":\"WebPage\",\"@id\":\"https:\\\/\\\/urlaubsbetreuung-hund.de\\\/standort\\\/\",\"url\":\"https:\\\/\\\/urlaubsbetreuung-hund.de\\\/standort\\\/\",\"name\":\"Standort - Urlaubsbetreuung-Hund.de\",\"isPartOf\":{\"@id\":\"https:\\\/\\\/urlaubsbetreuung-hund.de\\\/#website\"},\"primaryImageOfPage\":{\"@id\":\"https:\\\/\\\/urlaubsbetreuung-hund.de\\\/standort\\\/#primaryimage\"},\"image\":{\"@id\":\"https:\\\/\\\/urlaubsbetreuung-hund.de\\\/standort\\\/#primaryimage\"},\"thumbnailUrl\":\"https:\\\/\\\/urlaubsbetreuung-hund.de\\\/wp-content\\\/uploads\\\/2024\\\/09\\\/Re1-694x1024.webp\",\"datePublished\":\"2024-06-20T11:47:19+00:00\",\"dateModified\":\"2024-09-22T06:29:58+00:00\",\"description\":\"Erfahrene Hundebetreuung in Potsdam-Mittelmark mit gro\u00dfem Auslaufgarten. Ihr Hund verdient Urlaub, w\u00e4hrend Sie im Urlaub sind.\",\"breadcrumb\":{\"@id\":\"https:\\\/\\\/urlaubsbetreuung-hund.de\\\/standort\\\/#breadcrumb\"},\"inLanguage\":\"en-US\",\"potentialAction\":[{\"@type\":\"ReadAction\",\"target\":[\"https:\\\/\\\/urlaubsbetreuung-hund.de\\\/standort\\\/\"]}]},{\"@type\":\"ImageObject\",\"inLanguage\":\"en-US\",\"@id\":\"https:\\\/\\\/urlaubsbetreuung-hund.de\\\/standort\\\/#primaryimage\",\"url\":\"https:\\\/\\\/urlaubsbetreuung-hund.de\\\/wp-content\\\/uploads\\\/2024\\\/09\\\/Re1-694x1024.webp\",\"contentUrl\":\"https:\\\/\\\/urlaubsbetreuung-hund.de\\\/wp-content\\\/uploads\\\/2024\\\/09\\\/Re1-694x1024.webp\"},{\"@type\":\"BreadcrumbList\",\"@id\":\"https:\\\/\\\/urlaubsbetreuung-hund.de\\\/standort\\\/#breadcrumb\",\"itemListElement\":[{\"@type\":\"ListItem\",\"position\":1,\"name\":\"Startseite\",\"item\":\"https:\\\/\\\/urlaubsbetreuung-hund.de\\\/\"},{\"@type\":\"ListItem\",\"position\":2,\"name\":\"Standort\"}]},{\"@type\":\"WebSite\",\"@id\":\"https:\\\/\\\/urlaubsbetreuung-hund.de\\\/#website\",\"url\":\"https:\\\/\\\/urlaubsbetreuung-hund.de\\\/\",\"name\":\"Urlaubsbetreuung-Hund.de\",\"description\":\"Urlaubsbetreuung f\u00fcr Hunde in Potsdam-Mittelmark\",\"publisher\":{\"@id\":\"https:\\\/\\\/urlaubsbetreuung-hund.de\\\/#organization\"},\"potentialAction\":[{\"@type\":\"SearchAction\",\"target\":{\"@type\":\"EntryPoint\",\"urlTemplate\":\"https:\\\/\\\/urlaubsbetreuung-hund.de\\\/?s={search_term_string}\"},\"query-input\":{\"@type\":\"PropertyValueSpecification\",\"valueRequired\":true,\"valueName\":\"search_term_string\"}}],\"inLanguage\":\"en-US\"},{\"@type\":\"Organization\",\"@id\":\"https:\\\/\\\/urlaubsbetreuung-hund.de\\\/#organization\",\"name\":\"Urlaubsbetreuung-Hund.de\",\"url\":\"https:\\\/\\\/urlaubsbetreuung-hund.de\\\/\",\"logo\":{\"@type\":\"ImageObject\",\"inLanguage\":\"en-US\",\"@id\":\"https:\\\/\\\/urlaubsbetreuung-hund.de\\\/#\\\/schema\\\/logo\\\/image\\\/\",\"url\":\"https:\\\/\\\/urlaubsbetreuung-hund.de\\\/wp-content\\\/uploads\\\/2024\\\/06\\\/logo.webp\",\"contentUrl\":\"https:\\\/\\\/urlaubsbetreuung-hund.de\\\/wp-content\\\/uploads\\\/2024\\\/06\\\/logo.webp\",\"width\":1024,\"height\":1024,\"caption\":\"Urlaubsbetreuung-Hund.de\"},\"image\":{\"@id\":\"https:\\\/\\\/urlaubsbetreuung-hund.de\\\/#\\\/schema\\\/logo\\\/image\\\/\"},\"sameAs\":[\"https:\\\/\\\/www.facebook.com\\\/people\\\/Urlaubsbetreuung-Hundde\\\/61561342079161\\\/\",\"https:\\\/\\\/www.instagram.com\\\/urlaubsbetreuunghund\\\/\"]}]}<\/script>\n<!-- \/ Yoast SEO plugin. -->","yoast_head_json":{"title":"Standort - Urlaubsbetreuung-Hund.de","description":"Erfahrene Hundebetreuung in Potsdam-Mittelmark mit gro\u00dfem Auslaufgarten. Ihr Hund verdient Urlaub, w\u00e4hrend Sie im Urlaub sind.","robots":{"index":"index","follow":"follow","max-snippet":"max-snippet:-1","max-image-preview":"max-image-preview:large","max-video-preview":"max-video-preview:-1"},"canonical":"https:\/\/urlaubsbetreuung-hund.de\/en\/standort\/","og_locale":"en_US","og_type":"article","og_title":"Standort - Urlaubsbetreuung-Hund.de","og_description":"Erfahrene Hundebetreuung in Potsdam-Mittelmark mit gro\u00dfem Auslaufgarten. Ihr Hund verdient Urlaub, w\u00e4hrend Sie im Urlaub sind.","og_url":"https:\/\/urlaubsbetreuung-hund.de\/en\/standort\/","og_site_name":"Urlaubsbetreuung-Hund.de","article_publisher":"https:\/\/www.facebook.com\/people\/Urlaubsbetreuung-Hundde\/61561342079161\/","article_modified_time":"2024-09-22T06:29:58+00:00","og_image":[{"url":"https:\/\/urlaubsbetreuung-hund.de\/wp-content\/uploads\/2024\/09\/Re1-694x1024.webp","type":"","width":"","height":""}],"twitter_card":"summary_large_image","twitter_misc":{"Est. reading time":"1 minute"},"schema":{"@context":"https:\/\/schema.org","@graph":[{"@type":"WebPage","@id":"https:\/\/urlaubsbetreuung-hund.de\/standort\/","url":"https:\/\/urlaubsbetreuung-hund.de\/standort\/","name":"Standort - Urlaubsbetreuung-Hund.de","isPartOf":{"@id":"https:\/\/urlaubsbetreuung-hund.de\/#website"},"primaryImageOfPage":{"@id":"https:\/\/urlaubsbetreuung-hund.de\/standort\/#primaryimage"},"image":{"@id":"https:\/\/urlaubsbetreuung-hund.de\/standort\/#primaryimage"},"thumbnailUrl":"https:\/\/urlaubsbetreuung-hund.de\/wp-content\/uploads\/2024\/09\/Re1-694x1024.webp","datePublished":"2024-06-20T11:47:19+00:00","dateModified":"2024-09-22T06:29:58+00:00","description":"Erfahrene Hundebetreuung in Potsdam-Mittelmark mit gro\u00dfem Auslaufgarten. Ihr Hund verdient Urlaub, w\u00e4hrend Sie im Urlaub sind.","breadcrumb":{"@id":"https:\/\/urlaubsbetreuung-hund.de\/standort\/#breadcrumb"},"inLanguage":"en-US","potentialAction":[{"@type":"ReadAction","target":["https:\/\/urlaubsbetreuung-hund.de\/standort\/"]}]},{"@type":"ImageObject","inLanguage":"en-US","@id":"https:\/\/urlaubsbetreuung-hund.de\/standort\/#primaryimage","url":"https:\/\/urlaubsbetreuung-hund.de\/wp-content\/uploads\/2024\/09\/Re1-694x1024.webp","contentUrl":"https:\/\/urlaubsbetreuung-hund.de\/wp-content\/uploads\/2024\/09\/Re1-694x1024.webp"},{"@type":"BreadcrumbList","@id":"https:\/\/urlaubsbetreuung-hund.de\/standort\/#breadcrumb","itemListElement":[{"@type":"ListItem","position":1,"name":"Startseite","item":"https:\/\/urlaubsbetreuung-hund.de\/"},{"@type":"ListItem","position":2,"name":"Standort"}]},{"@type":"WebSite","@id":"https:\/\/urlaubsbetreuung-hund.de\/#website","url":"https:\/\/urlaubsbetreuung-hund.de\/","name":"Urlaubsbetreuung-Hund.de","description":"Urlaubsbetreuung f\u00fcr Hunde in Potsdam-Mittelmark","publisher":{"@id":"https:\/\/urlaubsbetreuung-hund.de\/#organization"},"potentialAction":[{"@type":"SearchAction","target":{"@type":"EntryPoint","urlTemplate":"https:\/\/urlaubsbetreuung-hund.de\/?s={search_term_string}"},"query-input":{"@type":"PropertyValueSpecification","valueRequired":true,"valueName":"search_term_string"}}],"inLanguage":"en-US"},{"@type":"Organization","@id":"https:\/\/urlaubsbetreuung-hund.de\/#organization","name":"Urlaubsbetreuung-Hund.de","url":"https:\/\/urlaubsbetreuung-hund.de\/","logo":{"@type":"ImageObject","inLanguage":"en-US","@id":"https:\/\/urlaubsbetreuung-hund.de\/#\/schema\/logo\/image\/","url":"https:\/\/urlaubsbetreuung-hund.de\/wp-content\/uploads\/2024\/06\/logo.webp","contentUrl":"https:\/\/urlaubsbetreuung-hund.de\/wp-content\/uploads\/2024\/06\/logo.webp","width":1024,"height":1024,"caption":"Urlaubsbetreuung-Hund.de"},"image":{"@id":"https:\/\/urlaubsbetreuung-hund.de\/#\/schema\/logo\/image\/"},"sameAs":["https:\/\/www.facebook.com\/people\/Urlaubsbetreuung-Hundde\/61561342079161\/","https:\/\/www.instagram.com\/urlaubsbetreuunghund\/"]}]}},"_links":{"self":[{"href":"https:\/\/urlaubsbetreuung-hund.de\/en\/wp-json\/wp\/v2\/pages\/115","targetHints":{"allow":["GET"]}}],"collection":[{"href":"https:\/\/urlaubsbetreuung-hund.de\/en\/wp-json\/wp\/v2\/pages"}],"about":[{"href":"https:\/\/urlaubsbetreuung-hund.de\/en\/wp-json\/wp\/v2\/types\/page"}],"author":[{"embeddable":true,"href":"https:\/\/urlaubsbetreuung-hund.de\/en\/wp-json\/wp\/v2\/users\/1"}],"replies":[{"embeddable":true,"href":"https:\/\/urlaubsbetreuung-hund.de\/en\/wp-json\/wp\/v2\/comments?post=115"}],"version-history":[{"count":13,"href":"https:\/\/urlaubsbetreuung-hund.de\/en\/wp-json\/wp\/v2\/pages\/115\/revisions"}],"predecessor-version":[{"id":495,"href":"https:\/\/urlaubsbetreuung-hund.de\/en\/wp-json\/wp\/v2\/pages\/115\/revisions\/495"}],"wp:attachment":[{"href":"https:\/\/urlaubsbetreuung-hund.de\/en\/wp-json\/wp\/v2\/media?parent=115"}],"curies":[{"name":"wp","href":"https:\/\/api.w.org\/{rel}","templated":true}]}}