{"id":59,"date":"2024-06-20T09:05:07","date_gmt":"2024-06-20T09:05:07","guid":{"rendered":"https:\/\/urlaubsbetreuung-hund.de\/?page_id=59"},"modified":"2024-06-21T07:27:08","modified_gmt":"2024-06-21T07:27:08","slug":"impressum","status":"publish","type":"page","link":"https:\/\/urlaubsbetreuung-hund.de\/en\/impressum\/","title":{"rendered":"Imprint"},"content":{"rendered":"<p>Tamara Fleming<br>Einzelunternehmer<br>G\u00f6tzer Dorfstr. 59<br>14550 Gro\u00df Kreutz<\/p>\n\n\n\n<p>Kontakt:<br>Telefon: +49 (0) 151 12001743<br>E-Mail: info@urlaubsbetreuung-hund.de<\/p>\n\n\n\n<p>Steuer-ID: 048\/219\/06259<\/p>\n\n\n\n<p>Redaktionell verantwortlich<br>Tamara Fleming<br>G\u00f6tzer Dorfstr. 59<br>14550 Gro\u00df Kreutz<\/p>\n\n\n\n<p>EU-Streitschlichtung<br>Die Europ\u00e4ische Kommission stellt eine Plattform zur Online-Streitbeilegung (OS) bereit:<br>https:\/\/ec.europa.eu\/consumers\/odr\/.<br>Unsere E-Mail-Adresse finden Sie oben im Impressum.<\/p>\n\n\n\n<p>Quelle:<br>https:\/\/www.e-recht24.de<\/p>","protected":false},"excerpt":{"rendered":"<p>Tamara FlemingEinzelunternehmerG\u00f6tzer Dorfstr. 5914550 Gro\u00df Kreutz Kontakt:Telefon: +49 (0) 151 12001743E-Mail: info@urlaubsbetreuung-hund.de Steuer-ID: 048\/219\/06259 Redaktionell verantwortlichTamara FlemingG\u00f6tzer Dorfstr. 5914550 Gro\u00df Kreutz EU-StreitschlichtungDie Europ\u00e4ische Kommission stellt eine Plattform zur Online-Streitbeilegung (OS) bereit:https:\/\/ec.europa.eu\/consumers\/odr\/.Unsere E-Mail-Adresse finden Sie oben im Impressum. Quelle:https:\/\/www.e-recht24.de<\/p>","protected":false},"author":1,"featured_media":0,"parent":0,"menu_order":0,"comment_status":"closed","ping_status":"closed","template":"","meta":{"footnotes":""},"class_list":["post-59","page","type-page","status-publish","hentry"],"yoast_head":"<!-- This site is optimized with the Yoast SEO plugin v27.4 - https:\/\/yoast.com\/product\/yoast-seo-wordpress\/ -->\n<title>Impressum - Urlaubsbetreuung-Hund.de<\/title>\n<meta name=\"robots\" content=\"index, follow, max-snippet:-1, max-image-preview:large, max-video-preview:-1\" \/>\n<link rel=\"canonical\" href=\"https:\/\/urlaubsbetreuung-hund.de\/en\/impressum\/\" \/>\n<meta property=\"og:locale\" content=\"en_US\" \/>\n<meta property=\"og:type\" content=\"article\" \/>\n<meta property=\"og:title\" content=\"Impressum - Urlaubsbetreuung-Hund.de\" \/>\n<meta property=\"og:description\" content=\"Tamara FlemingEinzelunternehmerG\u00f6tzer Dorfstr. 5914550 Gro\u00df Kreutz Kontakt:Telefon: +49 (0) 151 12001743E-Mail: info@urlaubsbetreuung-hund.de Steuer-ID: 048\/219\/06259 Redaktionell verantwortlichTamara FlemingG\u00f6tzer Dorfstr. 5914550 Gro\u00df Kreutz EU-StreitschlichtungDie Europ\u00e4ische Kommission stellt eine Plattform zur Online-Streitbeilegung (OS) bereit:https:\/\/ec.europa.eu\/consumers\/odr\/.Unsere E-Mail-Adresse finden Sie oben im Impressum. Quelle:https:\/\/www.e-recht24.de\" \/>\n<meta property=\"og:url\" content=\"https:\/\/urlaubsbetreuung-hund.de\/en\/impressum\/\" \/>\n<meta property=\"og:site_name\" content=\"Urlaubsbetreuung-Hund.de\" \/>\n<meta property=\"article:publisher\" content=\"https:\/\/www.facebook.com\/people\/Urlaubsbetreuung-Hundde\/61561342079161\/\" \/>\n<meta property=\"article:modified_time\" content=\"2024-06-21T07:27:08+00:00\" \/>\n<meta name=\"twitter:card\" content=\"summary_large_image\" \/>\n<script type=\"application\/ld+json\" class=\"yoast-schema-graph\">{\"@context\":\"https:\\\/\\\/schema.org\",\"@graph\":[{\"@type\":\"WebPage\",\"@id\":\"https:\\\/\\\/urlaubsbetreuung-hund.de\\\/impressum\\\/\",\"url\":\"https:\\\/\\\/urlaubsbetreuung-hund.de\\\/impressum\\\/\",\"name\":\"Impressum - Urlaubsbetreuung-Hund.de\",\"isPartOf\":{\"@id\":\"https:\\\/\\\/urlaubsbetreuung-hund.de\\\/#website\"},\"datePublished\":\"2024-06-20T09:05:07+00:00\",\"dateModified\":\"2024-06-21T07:27:08+00:00\",\"breadcrumb\":{\"@id\":\"https:\\\/\\\/urlaubsbetreuung-hund.de\\\/impressum\\\/#breadcrumb\"},\"inLanguage\":\"en-US\",\"potentialAction\":[{\"@type\":\"ReadAction\",\"target\":[\"https:\\\/\\\/urlaubsbetreuung-hund.de\\\/impressum\\\/\"]}]},{\"@type\":\"BreadcrumbList\",\"@id\":\"https:\\\/\\\/urlaubsbetreuung-hund.de\\\/impressum\\\/#breadcrumb\",\"itemListElement\":[{\"@type\":\"ListItem\",\"position\":1,\"name\":\"Startseite\",\"item\":\"https:\\\/\\\/urlaubsbetreuung-hund.de\\\/\"},{\"@type\":\"ListItem\",\"position\":2,\"name\":\"Impressum\"}]},{\"@type\":\"WebSite\",\"@id\":\"https:\\\/\\\/urlaubsbetreuung-hund.de\\\/#website\",\"url\":\"https:\\\/\\\/urlaubsbetreuung-hund.de\\\/\",\"name\":\"Urlaubsbetreuung-Hund.de\",\"description\":\"Urlaubsbetreuung f\u00fcr Hunde in Potsdam-Mittelmark\",\"publisher\":{\"@id\":\"https:\\\/\\\/urlaubsbetreuung-hund.de\\\/#organization\"},\"potentialAction\":[{\"@type\":\"SearchAction\",\"target\":{\"@type\":\"EntryPoint\",\"urlTemplate\":\"https:\\\/\\\/urlaubsbetreuung-hund.de\\\/?s={search_term_string}\"},\"query-input\":{\"@type\":\"PropertyValueSpecification\",\"valueRequired\":true,\"valueName\":\"search_term_string\"}}],\"inLanguage\":\"en-US\"},{\"@type\":\"Organization\",\"@id\":\"https:\\\/\\\/urlaubsbetreuung-hund.de\\\/#organization\",\"name\":\"Urlaubsbetreuung-Hund.de\",\"url\":\"https:\\\/\\\/urlaubsbetreuung-hund.de\\\/\",\"logo\":{\"@type\":\"ImageObject\",\"inLanguage\":\"en-US\",\"@id\":\"https:\\\/\\\/urlaubsbetreuung-hund.de\\\/#\\\/schema\\\/logo\\\/image\\\/\",\"url\":\"https:\\\/\\\/urlaubsbetreuung-hund.de\\\/wp-content\\\/uploads\\\/2024\\\/06\\\/logo.webp\",\"contentUrl\":\"https:\\\/\\\/urlaubsbetreuung-hund.de\\\/wp-content\\\/uploads\\\/2024\\\/06\\\/logo.webp\",\"width\":1024,\"height\":1024,\"caption\":\"Urlaubsbetreuung-Hund.de\"},\"image\":{\"@id\":\"https:\\\/\\\/urlaubsbetreuung-hund.de\\\/#\\\/schema\\\/logo\\\/image\\\/\"},\"sameAs\":[\"https:\\\/\\\/www.facebook.com\\\/people\\\/Urlaubsbetreuung-Hundde\\\/61561342079161\\\/\",\"https:\\\/\\\/www.instagram.com\\\/urlaubsbetreuunghund\\\/\"]}]}<\/script>\n<!-- \/ Yoast SEO plugin. -->","yoast_head_json":{"title":"Impressum - Urlaubsbetreuung-Hund.de","robots":{"index":"index","follow":"follow","max-snippet":"max-snippet:-1","max-image-preview":"max-image-preview:large","max-video-preview":"max-video-preview:-1"},"canonical":"https:\/\/urlaubsbetreuung-hund.de\/en\/impressum\/","og_locale":"en_US","og_type":"article","og_title":"Impressum - Urlaubsbetreuung-Hund.de","og_description":"Tamara FlemingEinzelunternehmerG\u00f6tzer Dorfstr. 5914550 Gro\u00df Kreutz Kontakt:Telefon: +49 (0) 151 12001743E-Mail: info@urlaubsbetreuung-hund.de Steuer-ID: 048\/219\/06259 Redaktionell verantwortlichTamara FlemingG\u00f6tzer Dorfstr. 5914550 Gro\u00df Kreutz EU-StreitschlichtungDie Europ\u00e4ische Kommission stellt eine Plattform zur Online-Streitbeilegung (OS) bereit:https:\/\/ec.europa.eu\/consumers\/odr\/.Unsere E-Mail-Adresse finden Sie oben im Impressum. Quelle:https:\/\/www.e-recht24.de","og_url":"https:\/\/urlaubsbetreuung-hund.de\/en\/impressum\/","og_site_name":"Urlaubsbetreuung-Hund.de","article_publisher":"https:\/\/www.facebook.com\/people\/Urlaubsbetreuung-Hundde\/61561342079161\/","article_modified_time":"2024-06-21T07:27:08+00:00","twitter_card":"summary_large_image","schema":{"@context":"https:\/\/schema.org","@graph":[{"@type":"WebPage","@id":"https:\/\/urlaubsbetreuung-hund.de\/impressum\/","url":"https:\/\/urlaubsbetreuung-hund.de\/impressum\/","name":"Impressum - Urlaubsbetreuung-Hund.de","isPartOf":{"@id":"https:\/\/urlaubsbetreuung-hund.de\/#website"},"datePublished":"2024-06-20T09:05:07+00:00","dateModified":"2024-06-21T07:27:08+00:00","breadcrumb":{"@id":"https:\/\/urlaubsbetreuung-hund.de\/impressum\/#breadcrumb"},"inLanguage":"en-US","potentialAction":[{"@type":"ReadAction","target":["https:\/\/urlaubsbetreuung-hund.de\/impressum\/"]}]},{"@type":"BreadcrumbList","@id":"https:\/\/urlaubsbetreuung-hund.de\/impressum\/#breadcrumb","itemListElement":[{"@type":"ListItem","position":1,"name":"Startseite","item":"https:\/\/urlaubsbetreuung-hund.de\/"},{"@type":"ListItem","position":2,"name":"Impressum"}]},{"@type":"WebSite","@id":"https:\/\/urlaubsbetreuung-hund.de\/#website","url":"https:\/\/urlaubsbetreuung-hund.de\/","name":"Urlaubsbetreuung-Hund.de","description":"Urlaubsbetreuung f\u00fcr Hunde in Potsdam-Mittelmark","publisher":{"@id":"https:\/\/urlaubsbetreuung-hund.de\/#organization"},"potentialAction":[{"@type":"SearchAction","target":{"@type":"EntryPoint","urlTemplate":"https:\/\/urlaubsbetreuung-hund.de\/?s={search_term_string}"},"query-input":{"@type":"PropertyValueSpecification","valueRequired":true,"valueName":"search_term_string"}}],"inLanguage":"en-US"},{"@type":"Organization","@id":"https:\/\/urlaubsbetreuung-hund.de\/#organization","name":"Urlaubsbetreuung-Hund.de","url":"https:\/\/urlaubsbetreuung-hund.de\/","logo":{"@type":"ImageObject","inLanguage":"en-US","@id":"https:\/\/urlaubsbetreuung-hund.de\/#\/schema\/logo\/image\/","url":"https:\/\/urlaubsbetreuung-hund.de\/wp-content\/uploads\/2024\/06\/logo.webp","contentUrl":"https:\/\/urlaubsbetreuung-hund.de\/wp-content\/uploads\/2024\/06\/logo.webp","width":1024,"height":1024,"caption":"Urlaubsbetreuung-Hund.de"},"image":{"@id":"https:\/\/urlaubsbetreuung-hund.de\/#\/schema\/logo\/image\/"},"sameAs":["https:\/\/www.facebook.com\/people\/Urlaubsbetreuung-Hundde\/61561342079161\/","https:\/\/www.instagram.com\/urlaubsbetreuunghund\/"]}]}},"_links":{"self":[{"href":"https:\/\/urlaubsbetreuung-hund.de\/en\/wp-json\/wp\/v2\/pages\/59","targetHints":{"allow":["GET"]}}],"collection":[{"href":"https:\/\/urlaubsbetreuung-hund.de\/en\/wp-json\/wp\/v2\/pages"}],"about":[{"href":"https:\/\/urlaubsbetreuung-hund.de\/en\/wp-json\/wp\/v2\/types\/page"}],"author":[{"embeddable":true,"href":"https:\/\/urlaubsbetreuung-hund.de\/en\/wp-json\/wp\/v2\/users\/1"}],"replies":[{"embeddable":true,"href":"https:\/\/urlaubsbetreuung-hund.de\/en\/wp-json\/wp\/v2\/comments?post=59"}],"version-history":[{"count":3,"href":"https:\/\/urlaubsbetreuung-hund.de\/en\/wp-json\/wp\/v2\/pages\/59\/revisions"}],"predecessor-version":[{"id":152,"href":"https:\/\/urlaubsbetreuung-hund.de\/en\/wp-json\/wp\/v2\/pages\/59\/revisions\/152"}],"wp:attachment":[{"href":"https:\/\/urlaubsbetreuung-hund.de\/en\/wp-json\/wp\/v2\/media?parent=59"}],"curies":[{"name":"wp","href":"https:\/\/api.w.org\/{rel}","templated":true}]}}